{"id":15,"date":"2010-08-31T21:46:19","date_gmt":"2010-08-31T21:46:19","guid":{"rendered":"http:\/\/www2.ampermusikanten.de\/?page_id=15"},"modified":"2024-04-18T23:36:00","modified_gmt":"2024-04-18T21:36:00","slug":"kapelle","status":"publish","type":"page","link":"https:\/\/www.ampermusikanten.de\/?page_id=15","title":{"rendered":"Kapelle"},"content":{"rendered":"<p style=\"text-align: left;\"><a href=\"https:\/\/www.ampermusikanten.de\/wp-content\/uploads\/2010\/09\/Kapelle_neu_2.jpg\" data-rel=\"lightbox-image-0\" data-rl_title=\"\" data-rl_caption=\"\"><img loading=\"lazy\" decoding=\"async\" class=\"alignright\" style=\"margin-top: 60px;\" title=\"\" src=\"https:\/\/www.ampermusikanten.de\/wp-content\/uploads\/2010\/09\/Kapelle_neu_2-300x200.jpg\" alt=\"\" width=\"300\" height=\"200\"><\/a><\/p>\n<p style=\"text-align: justify; font-size: 17px;\">Im Jahr 1996 trafen sich acht ehemalige Musiker der Knabenkapelle Dachau und wollten nach 25 Jahren einfach wieder Musik machen. Bereits nach einem Jahr konnten die ersten kleinen Auftritte absolviert werden. Zur Vereins\u00adgr\u00fcndung kam es im November 1998 mit 36 Gr\u00fcndungs\u00admitgliedern. Unter der Leitung von Kapellmeisterin Sandra Berger proben derzeit 25 Musikanten jeden Dienstag ab 19:30 Uhr im Kulturhaus in Eschenried f\u00fcr die n\u00e4chsten Auftritte und spielen: Geburtstags\u00adst\u00e4ndchen, Jubil\u00e4en, Umz\u00fcge, Vereinsfeste jeder Art, kirchliche Veranstaltungen, Zeltveran\u00adstaltungen und vieles mehr. Sollten Sie eine gepflegte Blasmusik ben\u00f6tigen oder auch selbst gerne spielen, nehmen Sie ganz einfach Kontakt mit uns auf!<\/p>\n<p>&nbsp;<\/p>\n","protected":false},"excerpt":{"rendered":"<p>Im Jahr 1996 trafen sich acht ehemalige Musiker der Knabenkapelle Dachau und wollten nach 25 Jahren einfach wieder Musik machen. Bereits nach einem Jahr konnten die ersten kleinen Auftritte absolviert werden. Zur Vereins\u00adgr\u00fcndung kam es im November 1998 mit 36 &hellip;<\/p>\n<p class=\"read-more\"> <a class=\"more-link\" href=\"https:\/\/www.ampermusikanten.de\/?page_id=15\"> <span class=\"screen-reader-text\">Kapelle<\/span> Weiterlesen &raquo;<\/a><\/p>\n","protected":false},"author":1,"featured_media":0,"parent":0,"menu_order":0,"comment_status":"closed","ping_status":"closed","template":"","meta":{"ngg_post_thumbnail":0,"footnotes":""},"class_list":["post-15","page","type-page","status-publish","hentry"],"_links":{"self":[{"href":"https:\/\/www.ampermusikanten.de\/index.php?rest_route=\/wp\/v2\/pages\/15","targetHints":{"allow":["GET"]}}],"collection":[{"href":"https:\/\/www.ampermusikanten.de\/index.php?rest_route=\/wp\/v2\/pages"}],"about":[{"href":"https:\/\/www.ampermusikanten.de\/index.php?rest_route=\/wp\/v2\/types\/page"}],"author":[{"embeddable":true,"href":"https:\/\/www.ampermusikanten.de\/index.php?rest_route=\/wp\/v2\/users\/1"}],"replies":[{"embeddable":true,"href":"https:\/\/www.ampermusikanten.de\/index.php?rest_route=%2Fwp%2Fv2%2Fcomments&post=15"}],"version-history":[{"count":119,"href":"https:\/\/www.ampermusikanten.de\/index.php?rest_route=\/wp\/v2\/pages\/15\/revisions"}],"predecessor-version":[{"id":5438,"href":"https:\/\/www.ampermusikanten.de\/index.php?rest_route=\/wp\/v2\/pages\/15\/revisions\/5438"}],"wp:attachment":[{"href":"https:\/\/www.ampermusikanten.de\/index.php?rest_route=%2Fwp%2Fv2%2Fmedia&parent=15"}],"curies":[{"name":"wp","href":"https:\/\/api.w.org\/{rel}","templated":true}]}}