{"id":2844,"date":"2014-04-11T17:42:25","date_gmt":"2014-04-11T15:42:25","guid":{"rendered":"http:\/\/www.ampermusikanten.de\/?page_id=2844"},"modified":"2019-05-31T18:37:48","modified_gmt":"2019-05-31T16:37:48","slug":"presse_neu","status":"publish","type":"page","link":"https:\/\/www.ampermusikanten.de\/?page_id=2844","title":{"rendered":"Presse"},"content":{"rendered":"<p><strong>Hier finden Sie Zeitungsartikel aus vergangenen Tagen:<\/strong><\/p>\n<p>Vorstandschaft 2019:<br \/>\n<a href=\"https:\/\/www.ampermusikanten.de\/wp-content\/uploads\/2019\/05\/20190525_094446.jpg\" rel=\"attachment wp-att-4547\" data-rel=\"lightbox-image-0\" data-rl_title=\"\" data-rl_caption=\"\" title=\"\"><img loading=\"lazy\" decoding=\"async\" width=\"150\" height=\"150\" class=\"alignnone wp-image-4547 size-thumbnail\" alt=\"\" src=\"https:\/\/www.ampermusikanten.de\/wp-content\/uploads\/2019\/05\/20190525_094446-150x150.jpg\"><\/a><\/p>\n<p>Neue CD der Amper-Musikanten 2017:<br \/>\n<a href=\"https:\/\/www.ampermusikanten.de\/wp-content\/uploads\/2014\/04\/merkur_CD.jpg\" data-rel=\"lightbox-image-1\" data-rl_title=\"\" data-rl_caption=\"\" title=\"\"><img loading=\"lazy\" decoding=\"async\" width=\"150\" height=\"150\" class=\"alignnone wp-image-4173 size-thumbnail\" alt=\"\" src=\"https:\/\/www.ampermusikanten.de\/wp-content\/uploads\/2014\/04\/merkur_CD-150x150.jpg\"><\/a><\/p>\n<p>Politische Informationsreise nach Berlin 2017:<\/p>\n<p><a href=\"https:\/\/www.ampermusikanten.de\/wp-content\/uploads\/2014\/04\/berl_2017.jpg\" data-rel=\"lightbox-image-2\" data-rl_title=\"\" data-rl_caption=\"\" title=\"\"><img loading=\"lazy\" decoding=\"async\" width=\"150\" height=\"150\" class=\"alignnone size-thumbnail wp-image-3924\" alt=\"\" src=\"https:\/\/www.ampermusikanten.de\/wp-content\/uploads\/2014\/04\/berl_2017-150x150.jpg\"><\/a><\/p>\n<p>Ausflug nach Bodenmais 2016:<\/p>\n<p><a href=\"https:\/\/www.ampermusikanten.de\/wp-content\/uploads\/2014\/04\/mm-bodenmais.jpg\" data-rel=\"lightbox-image-3\" data-rl_title=\"\" data-rl_caption=\"\" title=\"\"><img loading=\"lazy\" decoding=\"async\" width=\"150\" height=\"150\" class=\"alignnone wp-image-3767 size-thumbnail\" alt=\"\" src=\"https:\/\/www.ampermusikanten.de\/wp-content\/uploads\/2014\/04\/mm-bodenmais-150x150.jpg\"><\/a><\/p>\n<p>Neue Vorstandschaft 2016:<\/p>\n<p><a href=\"https:\/\/www.ampermusikanten.de\/wp-content\/uploads\/2014\/04\/MM01042016.jpg\" data-rel=\"lightbox-image-4\" data-rl_title=\"\" data-rl_caption=\"\" title=\"\"><img loading=\"lazy\" decoding=\"async\" width=\"150\" height=\"150\" class=\"alignnone wp-image-3695 size-thumbnail\" alt=\"\" src=\"https:\/\/www.ampermusikanten.de\/wp-content\/uploads\/2014\/04\/MM01042016-150x150.jpg\"><\/a><\/p>\n<p>Die Amper-Musikanten in Th\u00fcringen:<\/p>\n<p><a href=\"https:\/\/www.ampermusikanten.de\/wp-content\/uploads\/2014\/04\/sachsenbrunn2015.jpg\" data-rel=\"lightbox-image-5\" data-rl_title=\"\" data-rl_caption=\"\" title=\"\"><img loading=\"lazy\" decoding=\"async\" width=\"150\" height=\"150\" class=\"alignnone wp-image-3174 size-thumbnail\" alt=\"Th\u00fcringen\" src=\"https:\/\/www.ampermusikanten.de\/wp-content\/uploads\/2014\/04\/sachsenbrunn2015-150x150.jpg\"><\/a><\/p>\n<p>Neues Taferl f\u00fcr die Amper-Musikanten:<\/p>\n<p><a href=\"https:\/\/www.ampermusikanten.de\/wp-content\/uploads\/2014\/04\/taferl2014_1.jpg\" data-rel=\"lightbox-image-6\" data-rl_title=\"\" data-rl_caption=\"\" title=\"\"><img loading=\"lazy\" decoding=\"async\" width=\"150\" height=\"150\" class=\"alignnone wp-image-3174 size-thumbnail\" alt=\"Neues Taferl 2014\" src=\"https:\/\/secure.rackport.net\/www.ampermusikanten.de\/wp-content\/uploads\/2014\/04\/taferl2014_1-150x150.jpg\"><\/a><\/p>\n<p>R\u00fcckblick 2013:<br \/>\n<a href=\"https:\/\/www.ampermusikanten.de\/wp-content\/uploads\/2010\/08\/rueckbl13.jpg\" data-rel=\"lightbox-image-7\" data-rl_title=\"\" data-rl_caption=\"\" title=\"\"><img loading=\"lazy\" decoding=\"async\" width=\"150\" height=\"150\" class=\"alignnone wp-image-1032 size-thumbnail\" alt=\"R\u00fcckblick 2013\" src=\"https:\/\/secure.rackport.net\/www.ampermusikanten.de\/wp-content\/uploads\/2010\/08\/rueckbl13-150x150.jpg\" srcset=\"https:\/\/www.ampermusikanten.de\/wp-content\/uploads\/2010\/08\/rueckbl13-150x150.jpg 150w, https:\/\/www.ampermusikanten.de\/wp-content\/uploads\/2010\/08\/rueckbl13-32x32.jpg 32w, https:\/\/www.ampermusikanten.de\/wp-content\/uploads\/2010\/08\/rueckbl13-64x64.jpg 64w, https:\/\/www.ampermusikanten.de\/wp-content\/uploads\/2010\/08\/rueckbl13-96x96.jpg 96w, https:\/\/www.ampermusikanten.de\/wp-content\/uploads\/2010\/08\/rueckbl13-128x128.jpg 128w\" sizes=\"auto, (max-width: 150px) 100vw, 150px\" \/><\/a><\/p>\n<p>Seniorennachmittag Volksfest Dachau 2013:<br \/>\n<a href=\"https:\/\/www.ampermusikanten.de\/wp-content\/uploads\/2010\/08\/altennachmittag_vf_dah_2013.jpg\" data-rel=\"lightbox-image-8\" data-rl_title=\"\" data-rl_caption=\"\" title=\"\"><img loading=\"lazy\" decoding=\"async\" width=\"150\" height=\"150\" class=\"alignnone wp-image-1012 size-thumbnail\" alt=\"Seniorennachmittag VF Dachau 2013\" src=\"https:\/\/secure.rackport.net\/www.ampermusikanten.de\/wp-content\/uploads\/2010\/08\/altennachmittag_vf_dah_2013-150x150.jpg\" srcset=\"https:\/\/www.ampermusikanten.de\/wp-content\/uploads\/2010\/08\/altennachmittag_vf_dah_2013-150x150.jpg 150w, https:\/\/www.ampermusikanten.de\/wp-content\/uploads\/2010\/08\/altennachmittag_vf_dah_2013-32x32.jpg 32w, https:\/\/www.ampermusikanten.de\/wp-content\/uploads\/2010\/08\/altennachmittag_vf_dah_2013-64x64.jpg 64w, https:\/\/www.ampermusikanten.de\/wp-content\/uploads\/2010\/08\/altennachmittag_vf_dah_2013-96x96.jpg 96w, https:\/\/www.ampermusikanten.de\/wp-content\/uploads\/2010\/08\/altennachmittag_vf_dah_2013-128x128.jpg 128w\" sizes=\"auto, (max-width: 150px) 100vw, 150px\" \/><\/a><\/p>\n<p>Serenade in Lauterbach 2013:<br \/>\n<a href=\"https:\/\/www.ampermusikanten.de\/wp-content\/uploads\/2010\/08\/serenade2013.png\" data-rel=\"lightbox-image-9\" data-rl_title=\"\" data-rl_caption=\"\" title=\"\"><img loading=\"lazy\" decoding=\"async\" width=\"150\" height=\"150\" class=\"alignnone wp-image-993 size-thumbnail\" alt=\"Serenade in Lauterbach 2013\" src=\"https:\/\/secure.rackport.net\/www.ampermusikanten.de\/wp-content\/uploads\/2010\/08\/serenade2013-150x150.png\" srcset=\"https:\/\/www.ampermusikanten.de\/wp-content\/uploads\/2010\/08\/serenade2013-150x150.png 150w, https:\/\/www.ampermusikanten.de\/wp-content\/uploads\/2010\/08\/serenade2013-32x32.png 32w, https:\/\/www.ampermusikanten.de\/wp-content\/uploads\/2010\/08\/serenade2013-64x64.png 64w, https:\/\/www.ampermusikanten.de\/wp-content\/uploads\/2010\/08\/serenade2013-96x96.png 96w, https:\/\/www.ampermusikanten.de\/wp-content\/uploads\/2010\/08\/serenade2013-128x128.png 128w\" sizes=\"auto, (max-width: 150px) 100vw, 150px\" \/><\/a><\/p>\n<p>15 Jahresjubil\u00e4um der Amper-Musikanten:<br \/>\n<a href=\"https:\/\/www.ampermusikanten.de\/wp-content\/uploads\/2010\/08\/jub15-merkur.jpg\" data-rel=\"lightbox-image-10\" data-rl_title=\"\" data-rl_caption=\"\" title=\"\"><img loading=\"lazy\" decoding=\"async\" width=\"150\" height=\"150\" class=\"alignnone wp-image-987 size-thumbnail\" alt=\"Jubli\u00e4um 15 Jahre Amper-Musikanten\" src=\"https:\/\/secure.rackport.net\/www.ampermusikanten.de\/wp-content\/uploads\/2010\/08\/jub15-merkur-150x150.jpg\" srcset=\"https:\/\/www.ampermusikanten.de\/wp-content\/uploads\/2010\/08\/jub15-merkur-150x150.jpg 150w, https:\/\/www.ampermusikanten.de\/wp-content\/uploads\/2010\/08\/jub15-merkur-32x32.jpg 32w, https:\/\/www.ampermusikanten.de\/wp-content\/uploads\/2010\/08\/jub15-merkur-64x64.jpg 64w, https:\/\/www.ampermusikanten.de\/wp-content\/uploads\/2010\/08\/jub15-merkur-96x96.jpg 96w, https:\/\/www.ampermusikanten.de\/wp-content\/uploads\/2010\/08\/jub15-merkur-128x128.jpg 128w\" sizes=\"auto, (max-width: 150px) 100vw, 150px\" \/><\/a><\/p>\n<p>Ehrungen zum 15-j\u00e4hrigen Jubil\u00e4um 2013:<br \/>\n<a href=\"https:\/\/www.ampermusikanten.de\/wp-content\/uploads\/2010\/08\/jub15-ehrungen.jpg\" data-rel=\"lightbox-image-11\" data-rl_title=\"\" data-rl_caption=\"\" title=\"\"><img loading=\"lazy\" decoding=\"async\" width=\"150\" height=\"150\" class=\"alignnone wp-image-983 size-thumbnail\" alt=\"Ehrungen 15 Jahre Amper-Musikanten\" src=\"https:\/\/secure.rackport.net\/www.ampermusikanten.de\/wp-content\/uploads\/2010\/08\/jub15-ehrungen-150x150.jpg\" srcset=\"https:\/\/www.ampermusikanten.de\/wp-content\/uploads\/2010\/08\/jub15-ehrungen-150x150.jpg 150w, https:\/\/www.ampermusikanten.de\/wp-content\/uploads\/2010\/08\/jub15-ehrungen-32x32.jpg 32w, https:\/\/www.ampermusikanten.de\/wp-content\/uploads\/2010\/08\/jub15-ehrungen-64x64.jpg 64w, https:\/\/www.ampermusikanten.de\/wp-content\/uploads\/2010\/08\/jub15-ehrungen-96x96.jpg 96w, https:\/\/www.ampermusikanten.de\/wp-content\/uploads\/2010\/08\/jub15-ehrungen-128x128.jpg 128w\" sizes=\"auto, (max-width: 150px) 100vw, 150px\" \/><\/a><\/p>\n<p>Bericht und Konzertank\u00fcndigung zum Jubil\u00e4um 2013:<br \/>\n<a href=\"https:\/\/www.ampermusikanten.de\/wp-content\/uploads\/2010\/08\/mon022013.jpg\" data-rel=\"lightbox-image-12\" data-rl_title=\"\" data-rl_caption=\"\" title=\"\"><img loading=\"lazy\" decoding=\"async\" width=\"150\" height=\"150\" class=\"alignnone wp-image-887 size-thumbnail\" alt=\"Bericht und Konzertank\u00fcndigung Jubil\u00e4um\" src=\"https:\/\/secure.rackport.net\/www.ampermusikanten.de\/wp-content\/uploads\/2010\/08\/mon022013-150x150.jpg\" srcset=\"https:\/\/www.ampermusikanten.de\/wp-content\/uploads\/2010\/08\/mon022013-150x150.jpg 150w, https:\/\/www.ampermusikanten.de\/wp-content\/uploads\/2010\/08\/mon022013-32x32.jpg 32w, https:\/\/www.ampermusikanten.de\/wp-content\/uploads\/2010\/08\/mon022013-64x64.jpg 64w, https:\/\/www.ampermusikanten.de\/wp-content\/uploads\/2010\/08\/mon022013-96x96.jpg 96w, https:\/\/www.ampermusikanten.de\/wp-content\/uploads\/2010\/08\/mon022013-128x128.jpg 128w\" sizes=\"auto, (max-width: 150px) 100vw, 150px\" \/><\/a><\/p>\n<p>Die Amper-Musikanten in Schwaben, VF Aichach 2012:<br \/>\n<a href=\"https:\/\/www.ampermusikanten.de\/wp-content\/uploads\/2010\/08\/vf_aic.jpg\" data-rel=\"lightbox-image-13\" data-rl_title=\"\" data-rl_caption=\"\"><img loading=\"lazy\" decoding=\"async\" width=\"150\" height=\"150\" title=\"\" class=\"alignnone wp-image-687 size-thumbnail\" alt=\"VF Aichach 2012\" src=\"https:\/\/secure.rackport.net\/www.ampermusikanten.de\/wp-content\/uploads\/2010\/08\/vf_aic-150x150.jpg\"><\/a><\/p>\n<p>Leistungsabzeichen 2012:<br \/>\n<a href=\"https:\/\/www.ampermusikanten.de\/wp-content\/uploads\/2010\/08\/silber_bibe1.png\" data-rel=\"lightbox-image-14\" data-rl_title=\"\" data-rl_caption=\"\"><img loading=\"lazy\" decoding=\"async\" width=\"150\" height=\"150\" title=\"\" class=\"alignnone wp-image-594 size-thumbnail\" alt=\"Abzeichen 2012\" src=\"https:\/\/secure.rackport.net\/www.ampermusikanten.de\/wp-content\/uploads\/2010\/08\/silber_bibe1-150x150.png\"><\/a><\/p>\n<p>Vorstandswechsel 2012:<br \/>\n<a href=\"https:\/\/www.ampermusikanten.de\/wp-content\/uploads\/2010\/08\/neu_vorstand_2012.png\" data-rel=\"lightbox-image-15\" data-rl_title=\"\" data-rl_caption=\"\"><img loading=\"lazy\" decoding=\"async\" width=\"150\" height=\"150\" title=\"\" class=\"alignnone wp-image-581 size-thumbnail\" alt=\"Neuer Vorstand 2012\" src=\"https:\/\/secure.rackport.net\/www.ampermusikanten.de\/wp-content\/uploads\/2010\/08\/neu_vorstand_2012-150x150.png\"><\/a><\/p>\n<p>Die Amper-Musikanten auf der Wiesn 2011:<br \/>\n<a href=\"https:\/\/www.ampermusikanten.de\/wp-content\/uploads\/2010\/08\/wiesn_amb_zeitung1.png\" data-rel=\"lightbox-image-16\" data-rl_title=\"\" data-rl_caption=\"\"><img loading=\"lazy\" decoding=\"async\" width=\"150\" height=\"150\" title=\"\" class=\"alignnone wp-image-543 size-thumbnail\" alt=\"Oktoberfest 2011\" src=\"https:\/\/secure.rackport.net\/www.ampermusikanten.de\/wp-content\/uploads\/2010\/08\/wiesn_amb_zeitung1-150x150.png\"><\/a><\/p>\n<p>Die Amper-Musikanten in Jena:<br \/>\n<a href=\"https:\/\/www.ampermusikanten.de\/wp-content\/uploads\/2010\/08\/presse-jena.png\" data-rel=\"lightbox-image-17\" data-rl_title=\"\" data-rl_caption=\"\"><img loading=\"lazy\" decoding=\"async\" width=\"150\" height=\"150\" title=\"\" class=\"alignnone wp-image-361 size-thumbnail\" alt=\"Amper-Musikanten in Jena 2011\" src=\"https:\/\/secure.rackport.net\/www.ampermusikanten.de\/wp-content\/uploads\/2010\/08\/presse-jena-150x150.png\"><\/a><\/p>\n<p>Die Amper-Musikanten auf dem Dachauer Volksfest:<br \/>\n<a href=\"https:\/\/secure.rackport.net\/www.ampermusikanten.de\/wp-content\/uploads\/2010\/08\/DachauVF.jpg\" data-rel=\"lightbox-image-18\" data-rl_title=\"\" data-rl_caption=\"\" title=\"\"><img loading=\"lazy\" decoding=\"async\" width=\"150\" height=\"150\" class=\"alignnone wp-image-94 size-thumbnail\" alt=\"VF Dachau 2008\" src=\"https:\/\/secure.rackport.net\/www.ampermusikanten.de\/wp-content\/uploads\/2010\/08\/DachauVF-150x150.jpg\"><\/a><\/p>\n<p>10 Jahresjubil\u00e4um der Amper-Musikanten:<br \/>\n<a href=\"https:\/\/www.ampermusikanten.de\/wp-content\/uploads\/2010\/08\/10Jahre.jpg\" data-rel=\"lightbox-image-19\" data-rl_title=\"\" data-rl_caption=\"\"><img loading=\"lazy\" decoding=\"async\" width=\"150\" height=\"150\" title=\"\" class=\"alignnone wp-image-89 size-thumbnail\" alt=\"Jubil\u00e4um 10 Jahre Amper-Musikanten\" src=\"https:\/\/www.ampermusikanten.de\/wp-content\/uploads\/2010\/08\/10Jahre-150x150.jpg\"><\/a><\/p>\n<p>Damals neue Jacken f\u00fcr die Amper-Musikanten:<br \/>\n<a href=\"https:\/\/www.ampermusikanten.de\/wp-content\/uploads\/2010\/08\/Scannen04.jpg\" data-rel=\"lightbox-image-20\" data-rl_title=\"\" data-rl_caption=\"\"><img loading=\"lazy\" decoding=\"async\" width=\"150\" height=\"150\" title=\"\" class=\"alignnone wp-image-53 size-thumbnail\" alt=\"Jacken f\u00fcr die Amper-Musikanten\" src=\"https:\/\/secure.rackport.net\/www.ampermusikanten.de\/wp-content\/uploads\/2010\/08\/Scannen04-150x150.jpg\"><\/a><\/p>\n<p>5 Jahresjubil\u00e4um der Amper-Musikanten:<br \/>\n<a href=\"https:\/\/www.ampermusikanten.de\/wp-content\/uploads\/2010\/08\/Scan00021.jpg\" data-rel=\"lightbox-image-21\" data-rl_title=\"\" data-rl_caption=\"\"><img loading=\"lazy\" decoding=\"async\" width=\"150\" height=\"150\" title=\"\" class=\"alignnone wp-image-51 size-thumbnail\" alt=\"Jubil\u00e4um 5 Jahre Amper-Musikanten\" src=\"https:\/\/secure.rackport.net\/www.ampermusikanten.de\/wp-content\/uploads\/2010\/08\/Scan00021-150x150.jpg\"><\/a><\/p>\n","protected":false},"excerpt":{"rendered":"<p>Hier finden Sie Zeitungsartikel aus vergangenen Tagen: Vorstandschaft 2019: Neue CD der Amper-Musikanten 2017: Politische Informationsreise nach Berlin 2017: Ausflug nach Bodenmais 2016: Neue Vorstandschaft 2016: Die Amper-Musikanten in Th\u00fcringen: Neues Taferl f\u00fcr die Amper-Musikanten: R\u00fcckblick 2013: Seniorennachmittag Volksfest Dachau &hellip;<\/p>\n<p class=\"read-more\"> <a class=\"more-link\" href=\"https:\/\/www.ampermusikanten.de\/?page_id=2844\"> <span class=\"screen-reader-text\">Presse<\/span> Weiterlesen &raquo;<\/a><\/p>\n","protected":false},"author":1,"featured_media":0,"parent":0,"menu_order":0,"comment_status":"closed","ping_status":"closed","template":"","meta":{"ngg_post_thumbnail":0,"footnotes":""},"class_list":["post-2844","page","type-page","status-publish","hentry"],"_links":{"self":[{"href":"https:\/\/www.ampermusikanten.de\/index.php?rest_route=\/wp\/v2\/pages\/2844","targetHints":{"allow":["GET"]}}],"collection":[{"href":"https:\/\/www.ampermusikanten.de\/index.php?rest_route=\/wp\/v2\/pages"}],"about":[{"href":"https:\/\/www.ampermusikanten.de\/index.php?rest_route=\/wp\/v2\/types\/page"}],"author":[{"embeddable":true,"href":"https:\/\/www.ampermusikanten.de\/index.php?rest_route=\/wp\/v2\/users\/1"}],"replies":[{"embeddable":true,"href":"https:\/\/www.ampermusikanten.de\/index.php?rest_route=%2Fwp%2Fv2%2Fcomments&post=2844"}],"version-history":[{"count":42,"href":"https:\/\/www.ampermusikanten.de\/index.php?rest_route=\/wp\/v2\/pages\/2844\/revisions"}],"predecessor-version":[{"id":4557,"href":"https:\/\/www.ampermusikanten.de\/index.php?rest_route=\/wp\/v2\/pages\/2844\/revisions\/4557"}],"wp:attachment":[{"href":"https:\/\/www.ampermusikanten.de\/index.php?rest_route=%2Fwp%2Fv2%2Fmedia&parent=2844"}],"curies":[{"name":"wp","href":"https:\/\/api.w.org\/{rel}","templated":true}]}}