{"id":3996,"date":"2017-12-16T01:33:29","date_gmt":"2017-12-16T00:33:29","guid":{"rendered":"http:\/\/www.ampermusikanten.de\/?page_id=3996"},"modified":"2018-04-22T00:34:13","modified_gmt":"2018-04-21T22:34:13","slug":"unsere-neue-cd","status":"publish","type":"page","link":"https:\/\/www.ampermusikanten.de\/?page_id=3996","title":{"rendered":"Musikantengr\u00fc\u00dfe: Unsere neue CD"},"content":{"rendered":"<p>&nbsp;<\/p>\n<p style=\"text-align: left;\"><a href=\"https:\/\/www.ampermusikanten.de\/wp-content\/uploads\/2017\/12\/CD_.jpg\" data-rel=\"lightbox-image-0\" data-rl_title=\"\" data-rl_caption=\"\"><img loading=\"lazy\" decoding=\"async\" class=\"alignright\" style=\"margin-top: 0px;\" title=\"\" src=\"https:\/\/www.ampermusikanten.de\/wp-content\/uploads\/2017\/12\/CD_-298x300.jpg\" alt=\"\" height=\"300\" width=\"298\"><\/a><\/p>\n<p><strong>Endlich ist sie da:<\/strong> Wir pr\u00e4sentieren stolz unsere neue CD&nbsp;&#8222;Musikantengr\u00fc\u00dfe&#8220;.<br \/>\nWir freuen uns ganz besonders dar\u00fcber, dass dieses Werk zu unserem Jubil\u00e4um &#8222;20 Jahre Amper-Musikanten&#8220;, das wir 2018 feiern, fertig geworden ist.<\/p>\n<p>Die CD entstand als ein Gemeinschaftsprojekt von drei Musikvereinen und wurde im Fr\u00fchjahr 2017 aufgenommen. Jede Kapelle ist mit vier Titeln auf dem Tontr\u00e4ger vertreten.&nbsp;<\/p>\n<p>Technischer Aufnahmeleiter und Initiator der Produktion war Otto F\u00f6rst, der im Fr\u00fchjahr 2017 im Pfarrheim Sch\u00f6ngeising alle Musikst\u00fccke professionell aufgenommen hat.<\/p>\n<p>Wir haben f\u00fcr Sie die Titel &#8222;Kuschel-Polka&#8220;, &#8222;Lieblingswalzer&#8220;,&nbsp; &#8222;Eine Reise nach B\u00f6hmen&#8220; und &#8222;Mein Gl\u00fccksstern&#8220; ausgew\u00e4hlt.<\/p>\n<p><a href=\"https:\/\/www.ampermusikanten.de\/wp-content\/uploads\/2017\/12\/CD__001.jpg\" data-rel=\"lightbox-image-1\" data-rl_title=\"\" data-rl_caption=\"\" title=\"\"><img loading=\"lazy\" decoding=\"async\" src=\"https:\/\/www.ampermusikanten.de\/wp-content\/uploads\/2018\/04\/cd_placement.png\" alt=\"\" width=\"920\" height=\"348\" class=\"alignnone size-full wp-image-4408\" srcset=\"https:\/\/www.ampermusikanten.de\/wp-content\/uploads\/2018\/04\/cd_placement.png 920w, https:\/\/www.ampermusikanten.de\/wp-content\/uploads\/2018\/04\/cd_placement-300x113.png 300w, https:\/\/www.ampermusikanten.de\/wp-content\/uploads\/2018\/04\/cd_placement-768x291.png 768w, https:\/\/www.ampermusikanten.de\/wp-content\/uploads\/2018\/04\/cd_placement-250x95.png 250w, https:\/\/www.ampermusikanten.de\/wp-content\/uploads\/2018\/04\/cd_placement-100x38.png 100w, https:\/\/www.ampermusikanten.de\/wp-content\/uploads\/2018\/04\/cd_placement-150x57.png 150w, https:\/\/www.ampermusikanten.de\/wp-content\/uploads\/2018\/04\/cd_placement-200x76.png 200w, https:\/\/www.ampermusikanten.de\/wp-content\/uploads\/2018\/04\/cd_placement-450x170.png 450w, https:\/\/www.ampermusikanten.de\/wp-content\/uploads\/2018\/04\/cd_placement-600x227.png 600w, https:\/\/www.ampermusikanten.de\/wp-content\/uploads\/2018\/04\/cd_placement-900x340.png 900w\" sizes=\"auto, (max-width: 920px) 100vw, 920px\" \/><\/a><\/p>\n<p style=\"text-align: center;\">Erh\u00e4ltlich ist die CD f\u00fcr <strong>14 Euro<\/strong> jederzeit auf <a href=\"https:\/\/www.ampermusikanten.de\/?page_id=13\">Anfrage<\/a>!<\/p>\n<p><img loading=\"lazy\" decoding=\"async\" src=\"https:\/\/www.ampermusikanten.de\/wp-content\/uploads\/2017\/12\/cd_footerpic.png\" alt=\"\" width=\"960\" height=\"224\" class=\"alignnone size-full wp-image-4062\" srcset=\"https:\/\/www.ampermusikanten.de\/wp-content\/uploads\/2017\/12\/cd_footerpic.png 960w, https:\/\/www.ampermusikanten.de\/wp-content\/uploads\/2017\/12\/cd_footerpic-300x70.png 300w, https:\/\/www.ampermusikanten.de\/wp-content\/uploads\/2017\/12\/cd_footerpic-768x179.png 768w, https:\/\/www.ampermusikanten.de\/wp-content\/uploads\/2017\/12\/cd_footerpic-250x58.png 250w, https:\/\/www.ampermusikanten.de\/wp-content\/uploads\/2017\/12\/cd_footerpic-100x23.png 100w, https:\/\/www.ampermusikanten.de\/wp-content\/uploads\/2017\/12\/cd_footerpic-150x35.png 150w, https:\/\/www.ampermusikanten.de\/wp-content\/uploads\/2017\/12\/cd_footerpic-200x47.png 200w, https:\/\/www.ampermusikanten.de\/wp-content\/uploads\/2017\/12\/cd_footerpic-450x105.png 450w, https:\/\/www.ampermusikanten.de\/wp-content\/uploads\/2017\/12\/cd_footerpic-600x140.png 600w, https:\/\/www.ampermusikanten.de\/wp-content\/uploads\/2017\/12\/cd_footerpic-900x210.png 900w\" sizes=\"auto, (max-width: 960px) 100vw, 960px\" \/><\/p>\n","protected":false},"excerpt":{"rendered":"<p>&nbsp; Endlich ist sie da: Wir pr\u00e4sentieren stolz unsere neue CD&nbsp;&#8222;Musikantengr\u00fc\u00dfe&#8220;. Wir freuen uns ganz besonders dar\u00fcber, dass dieses Werk zu unserem Jubil\u00e4um &#8222;20 Jahre Amper-Musikanten&#8220;, das wir 2018 feiern, fertig geworden ist. Die CD entstand als ein Gemeinschaftsprojekt von &hellip;<\/p>\n<p class=\"read-more\"> <a class=\"more-link\" href=\"https:\/\/www.ampermusikanten.de\/?page_id=3996\"> <span class=\"screen-reader-text\">Musikantengr\u00fc\u00dfe: Unsere neue CD<\/span> Weiterlesen &raquo;<\/a><\/p>\n","protected":false},"author":1,"featured_media":0,"parent":0,"menu_order":0,"comment_status":"closed","ping_status":"closed","template":"","meta":{"ngg_post_thumbnail":0,"footnotes":""},"class_list":["post-3996","page","type-page","status-publish","hentry"],"_links":{"self":[{"href":"https:\/\/www.ampermusikanten.de\/index.php?rest_route=\/wp\/v2\/pages\/3996","targetHints":{"allow":["GET"]}}],"collection":[{"href":"https:\/\/www.ampermusikanten.de\/index.php?rest_route=\/wp\/v2\/pages"}],"about":[{"href":"https:\/\/www.ampermusikanten.de\/index.php?rest_route=\/wp\/v2\/types\/page"}],"author":[{"embeddable":true,"href":"https:\/\/www.ampermusikanten.de\/index.php?rest_route=\/wp\/v2\/users\/1"}],"replies":[{"embeddable":true,"href":"https:\/\/www.ampermusikanten.de\/index.php?rest_route=%2Fwp%2Fv2%2Fcomments&post=3996"}],"version-history":[{"count":97,"href":"https:\/\/www.ampermusikanten.de\/index.php?rest_route=\/wp\/v2\/pages\/3996\/revisions"}],"predecessor-version":[{"id":4420,"href":"https:\/\/www.ampermusikanten.de\/index.php?rest_route=\/wp\/v2\/pages\/3996\/revisions\/4420"}],"wp:attachment":[{"href":"https:\/\/www.ampermusikanten.de\/index.php?rest_route=%2Fwp%2Fv2%2Fmedia&parent=3996"}],"curies":[{"name":"wp","href":"https:\/\/api.w.org\/{rel}","templated":true}]}}