{"id":4108,"date":"2017-12-16T14:52:59","date_gmt":"2017-12-16T13:52:59","guid":{"rendered":"http:\/\/www.ampermusikanten.de\/?page_id=4108"},"modified":"2017-12-16T23:03:33","modified_gmt":"2017-12-16T22:03:33","slug":"eindruecke","status":"publish","type":"page","link":"https:\/\/www.ampermusikanten.de\/?page_id=4108","title":{"rendered":"Eindr\u00fccke"},"content":{"rendered":"<hr style=\"height: 50px; visibility: hidden;\">\n<div style=\"display: inline-block; vertical-align: top; min-width: 30%; max-width: 70%;\">\n<p style=\"margin-top: -50px;\"><strong style=\"font-size: 18px;\">In dieser Rubrik k\u00f6nnen Sie sich ein erweitertes Bild \u00fcber uns machen:<\/strong><\/p>\n<\/div>\n<p><a href=\"https:\/\/www.ampermusikanten.de\/?page_id=1339\"><img loading=\"lazy\" decoding=\"async\" class=\"alignright\" title=\"hut\" src=\"https:\/\/www.ampermusikanten.de\/wp-content\/uploads\/2017\/12\/hut.jpg\" alt=\"\" height=\"300\" width=\"300\"><\/a><\/p>\n<div style=\"display: inline-block; vertical-align: top; min-width: 30%; max-width: 60%;\">\n<p style=\"font-size: 16px; text-align: center;\">Wir haben f\u00fcr Sie <a href=\"https:\/\/www.ampermusikanten.de\/?page_id=223\"><strong>H\u00f6rproben<\/strong><\/a>, damals als Live Aufnahmen, aus dem L\u00f6wenbr\u00e4ukeller in M\u00fcnchen<img loading=\"lazy\" decoding=\"async\" src=\"https:\/\/www.ampermusikanten.de\/wp-content\/uploads\/2017\/12\/violinschlssel.png\" alt=\"noten8mini\" height=\"51\" width=\"38\"><\/p>\n<p style=\"text-align: center; font-size: 16px;\">einige <a href=\"https:\/\/www.ampermusikanten.de\/?page_id=17\"><strong>Videos<\/strong> <\/a>von vergangenen Auftritten &nbsp;<img loading=\"lazy\" decoding=\"async\" src=\"https:\/\/www.ampermusikanten.de\/wp-content\/uploads\/2017\/12\/videocam.png\" alt=\"noten8mini\" height=\"51\" width=\"28\"><\/p>\n<p style=\"text-align: center; font-size: 16px;\"><img loading=\"lazy\" decoding=\"async\" src=\"https:\/\/www.ampermusikanten.de\/wp-content\/uploads\/2017\/12\/violinschlssel.png\" alt=\"noten8mini\" height=\"51\" width=\"38\">und die Vorstellung unserer CD <a href=\"https:\/\/www.ampermusikanten.de\/?page_id=3996\"><strong>&#8222;Musikantengr\u00fc\u00dfe&#8220;<\/strong>&nbsp;&nbsp;<\/a><img loading=\"lazy\" decoding=\"async\" src=\"https:\/\/www.ampermusikanten.de\/wp-content\/uploads\/2014\/03\/noten8mini.png\" alt=\"noten8mini\" height=\"31\" width=\"18\"><\/p>\n<\/div>\n<p>&nbsp;<\/p>\n<p style=\"text-align: center;\">Wir hoffen, dass wir Ihnen mit unseren musikalischen Darbietungen Freude bringen k\u00f6nnen und w\u00fcnschen Ihnen viel Vergn\u00fcgen auf unseren Seiten.<br \/>\nHaben wir Ihr Interesse geweckt, m\u00f6chten Sie noch mehr \u00fcber uns erfahren, so schauen Sie doch auch in unseren Rubriken <a href=\"https:\/\/www.ampermusikanten.de\/?page_id=1339\">Bildergalerie<\/a> oder <a href=\"https:\/\/www.ampermusikanten.de\/?page_id=2844\">Presse <\/a>vorbei.<br \/>\nWir freuen uns \u00fcber jeden Gru\u00df von nah und fern. Wenn Sie m\u00f6chten, schreiben Sie uns doch etwas in unser <a href=\"https:\/\/www.ampermusikanten.de\/?page_id=1351\">G\u00e4stebuch<\/a>.<br \/>\nM\u00f6chten Sie von uns eine Ihrer Veranstaltungen musikalisch umrahmen lassen, z\u00f6gern Sie nicht uns zu <a href=\"https:\/\/www.ampermusikanten.de\/?page_id=13\">kontaktieren<\/a>.<\/p>\n","protected":false},"excerpt":{"rendered":"<p>In dieser Rubrik k\u00f6nnen Sie sich ein erweitertes Bild \u00fcber uns machen: Wir haben f\u00fcr Sie H\u00f6rproben, damals als Live Aufnahmen, aus dem L\u00f6wenbr\u00e4ukeller in M\u00fcnchen einige Videos von vergangenen Auftritten &nbsp; und die Vorstellung unserer CD &#8222;Musikantengr\u00fc\u00dfe&#8220;&nbsp;&nbsp; &nbsp; Wir &hellip;<\/p>\n<p class=\"read-more\"> <a class=\"more-link\" href=\"https:\/\/www.ampermusikanten.de\/?page_id=4108\"> <span class=\"screen-reader-text\">Eindr\u00fccke<\/span> Weiterlesen &raquo;<\/a><\/p>\n","protected":false},"author":1,"featured_media":0,"parent":0,"menu_order":0,"comment_status":"closed","ping_status":"closed","template":"","meta":{"ngg_post_thumbnail":0,"footnotes":""},"class_list":["post-4108","page","type-page","status-publish","hentry"],"_links":{"self":[{"href":"https:\/\/www.ampermusikanten.de\/index.php?rest_route=\/wp\/v2\/pages\/4108","targetHints":{"allow":["GET"]}}],"collection":[{"href":"https:\/\/www.ampermusikanten.de\/index.php?rest_route=\/wp\/v2\/pages"}],"about":[{"href":"https:\/\/www.ampermusikanten.de\/index.php?rest_route=\/wp\/v2\/types\/page"}],"author":[{"embeddable":true,"href":"https:\/\/www.ampermusikanten.de\/index.php?rest_route=\/wp\/v2\/users\/1"}],"replies":[{"embeddable":true,"href":"https:\/\/www.ampermusikanten.de\/index.php?rest_route=%2Fwp%2Fv2%2Fcomments&post=4108"}],"version-history":[{"count":64,"href":"https:\/\/www.ampermusikanten.de\/index.php?rest_route=\/wp\/v2\/pages\/4108\/revisions"}],"predecessor-version":[{"id":4180,"href":"https:\/\/www.ampermusikanten.de\/index.php?rest_route=\/wp\/v2\/pages\/4108\/revisions\/4180"}],"wp:attachment":[{"href":"https:\/\/www.ampermusikanten.de\/index.php?rest_route=%2Fwp%2Fv2%2Fmedia&parent=4108"}],"curies":[{"name":"wp","href":"https:\/\/api.w.org\/{rel}","templated":true}]}}